{"id":206,"date":"2023-02-06T09:08:42","date_gmt":"2023-02-06T09:08:42","guid":{"rendered":"https:\/\/sagelateriasineu.com\/?page_id=206"},"modified":"2024-04-29T12:15:31","modified_gmt":"2024-04-29T12:15:31","slug":"aviso-legal","status":"publish","type":"page","link":"https:\/\/sagelateriasineu.com\/en\/aviso-legal\/","title":{"rendered":"AVISO LEGAL"},"content":{"rendered":"<p>INFORMACI\u00d3N LEGAL Y POL\u00cdTICA DE PRIVACIDAD<\/p>\n<p>1.- Titular del Sitio Web<\/p>\n<p>PEDRO NIELL GALM\u00c9S<br \/>\n43110273Q<br \/>\nSa Pla\u00e7a, 9<br \/>\n07510 Sineu<\/p>\n<p>2.- Pol\u00edtica de privacidad y protecci\u00f3n de datos personales<\/p>\n<p>2.1.- Ejercicio de Derechos de Protecci\u00f3n de Datos<\/p>\n<p>Los usuarios pueden dirigir una comunicaci\u00f3n por escrito al domicilio de pedro niell o a la direcci\u00f3n de correo electr\u00f3nico indicado en el encabezamiento de este aviso legal, incluyendo en ambos casos fotocopia de su DNI u otro documento identificativo similar, para solicitar el ejercicio de los derechos de acceso, rectificaci\u00f3n, cancelaci\u00f3n y oposici\u00f3n.<\/p>\n<p>2.2.- V\u00edas a trav\u00e9s de las cuales se recaban datos personales. Finalidades del tratamiento<\/p>\n<p>Se permite al usuario el env\u00edo no cifrado de sus datos personales a trav\u00e9s de formularios de contacto de tipo est\u00e1ndar. Los datos personales recogidos ser\u00e1n objeto de tratamiento automatizado e incorporados a los correspondientes ficheros de los quepedro niell titular. Asimismo, podr\u00e1 facilitarnos sus datos a trav\u00e9s de tel\u00e9fono, correo electr\u00f3nico y otros medios de comunicaci\u00f3n indicados en la secci\u00f3n de contacto. La finalidad del tratamiento de estos datos ser\u00e1 \u00fanicamente la de prestarle la informaci\u00f3n o servicios que nos solicite.<\/p>\n<p>2.3.- Redes sociales<\/p>\n<p>pedro niell \u00a0cuenta con perfil en las principales redes sociales profesionales de Internet (Facebook, Twitter), reconoci\u00e9ndose en todos los casos responsable del tratamiento de los datos de sus seguidores, fans, suscriptores, comentaristas y otros perfiles de usuarios (en adelante, seguidores). El tratamiento que pedro niell llevar\u00e1 a cabo con dichos datos ser\u00e1, como m\u00e1ximo, el que la red social permita a los perfiles corporativos. As\u00ed pues, pedro niell podr\u00e1 informar a sus seguidores por cualquier v\u00eda que la red social permita sobre sus actividades, ponencias, ofertas, as\u00ed como prestar servicio personalizado de atenci\u00f3n al cliente. En ning\u00fan caso pedro niell extraer\u00e1 datos de las redes sociales, a menos que se obtuviera puntual y expresamente el consentimiento del usuario para ello. Cuando, debido a la propia naturaleza de las redes sociales, el ejercicio efectivo de los derechos del seguidor quede supeditado a la modificaci\u00f3n del perfil personal de \u00e9ste, pedro niell le ayudar\u00e1 y aconsejar\u00e1 a tal fin en la medida de sus posibilidades.<\/p>\n<p>.<\/p>\n<p>3.- Responsabilidad por el contenido del Sitio Web y el Blog<\/p>\n<p>El Sitio Web y el Blog contienen textos elaborados con fines meramente informativos o divulgativos que pueden no reflejar el estado actual de la legislaci\u00f3n o la jurisprudencia y que se refieren a situaciones generales por lo que su contenido no puede ser aplicado nunca por el usuario a casos concretos. Las opiniones vertidas en los mismos no reflejan necesariamente los puntos de vista de Ppedro niell . El contenido de los art\u00edculos publicados en este Sitio Web y el Blog no puede ser considerado, en ning\u00fan caso, sustitutivo de asesoramiento legal. El usuario no debe actuar sobre la base de la informaci\u00f3n contenida en este Sitio Web o el Blog sin recurrir previamente al correspondiente asesoramiento profesional.<\/p>\n<p>pedro niell velar\u00e1, en la medida de lo posible, por el correcto funcionamiento del Sitio Web y el Blog, la correcci\u00f3n de su contenido y la veracidad de lo publicado en \u00e9l. Sin embargo, no se responsabiliza de los errores u omisiones de los que pudieran adolecer los contenidos del Sitio Web, el Blog u otros contenidos a los que se pueda acceder a trav\u00e9s del mismo. Asimismo, el usuario exonera de responsabilidad a pedro niell por el uso que pudiera hacer de los contenidos del Sitio Web sin contar previamente con el necesario consejo legal de pedro niell<\/p>\n<p>pedro niell\u00a0 velar\u00e1, en la medida de lo posible, por la seguridad inform\u00e1tica de los soportes t\u00e9cnicos usados por el usuario en su navegaci\u00f3n por las p\u00e1ginas del Sitio Web y el Blog. Sin embargo, debido a que Internet no puede ser considerado un medio seguro, pedro niell no puede garantizar la ausencia de virus u otros elementos lesivos, introducidos por terceros, que pudieran causar da\u00f1os o alteraciones en el sistema inform\u00e1tico, en los documentos electr\u00f3nicos o en los ficheros del usuario que visite este Sitio Web y el Blog. En consecuencia, pedro niell no responder\u00e1 por los da\u00f1os y perjuicios que tales elementos pudieran ocasionar al usuario o a terceros.<\/p>\n<p>Los enlaces o links que puedan contener el Sitio Web y el Blog pueden conducir al usuario a otros sitios y p\u00e1ginas web gestionadas por terceros, sobre las que pedro niell no tiene ninguna responsabilidad. pedro niell no responde ni de los contenidos ni del estado de dichos sitios y p\u00e1ginas web, y el acceso a las mismas a trav\u00e9s de este Sitio Web o el Blog tampoco implica que pedro niell recomiende o apruebe sus contenidos.<\/p>\n<p>4.- Normativa y Jurisdicci\u00f3n<\/p>\n<p>Las presentes Condiciones de Uso del Sitio Web se rigen en todos y cada uno de sus extremos por la ley espa\u00f1ola. El idioma de redacci\u00f3n e interpretaci\u00f3n de este aviso legal es el espa\u00f1ol. Este aviso legal no se archivar\u00e1 individualmente para cada usuario sino que permanecer\u00e1 permanentemente accesible por medio de Internet en este mismo sitio web.<\/p>\n<p>Los Usuarios pueden someterse al Sistema Arbitral de Consumo para resolver cualquier controversia, conflicto o reclamaci\u00f3n derivada del presente texto o de cualquier actividad de pedro niell . Siempre que el Usuario no sea \u201cconsumidor o usuario\u201d conforme los define la normativa espa\u00f1ola, las partes acuerdan someterse a los Juzgados y Tribunales de Palma de Mallorca, por ser \u00e9ste el lugar de celebraci\u00f3n del contrato, con renuncia expresa a cualquier otra jurisdicci\u00f3n que pudiera corresponderles.<\/p>\n","protected":false},"excerpt":{"rendered":"<p>INFORMACI\u00d3N LEGAL Y POL\u00cdTICA DE PRIVACIDAD 1.- Titular del Sitio Web PEDRO NIELL GALM\u00c9S 43110273Q Sa Pla\u00e7a, 9 07510 Sineu 2.- Pol\u00edtica de privacidad y protecci\u00f3n de datos personales 2.1.-&#8230;<\/p>\n","protected":false},"author":1,"featured_media":0,"parent":0,"menu_order":0,"comment_status":"closed","ping_status":"closed","template":"","meta":{"footnotes":""},"class_list":["post-206","page","type-page","status-publish"],"_links":{"self":[{"href":"https:\/\/sagelateriasineu.com\/en\/wp-json\/wp\/v2\/pages\/206","targetHints":{"allow":["GET"]}}],"collection":[{"href":"https:\/\/sagelateriasineu.com\/en\/wp-json\/wp\/v2\/pages"}],"about":[{"href":"https:\/\/sagelateriasineu.com\/en\/wp-json\/wp\/v2\/types\/page"}],"author":[{"embeddable":true,"href":"https:\/\/sagelateriasineu.com\/en\/wp-json\/wp\/v2\/users\/1"}],"replies":[{"embeddable":true,"href":"https:\/\/sagelateriasineu.com\/en\/wp-json\/wp\/v2\/comments?post=206"}],"version-history":[{"count":3,"href":"https:\/\/sagelateriasineu.com\/en\/wp-json\/wp\/v2\/pages\/206\/revisions"}],"predecessor-version":[{"id":430,"href":"https:\/\/sagelateriasineu.com\/en\/wp-json\/wp\/v2\/pages\/206\/revisions\/430"}],"wp:attachment":[{"href":"https:\/\/sagelateriasineu.com\/en\/wp-json\/wp\/v2\/media?parent=206"}],"curies":[{"name":"wp","href":"https:\/\/api.w.org\/{rel}","templated":true}]}}